{"id":11,"date":"2023-05-24T20:04:26","date_gmt":"2023-05-24T18:04:26","guid":{"rendered":"https:\/\/xn--ditologie-frey-6hb.at\/?page_id=11"},"modified":"2026-03-18T10:42:21","modified_gmt":"2026-03-18T09:42:21","slug":"angebote-dauer-und-preise","status":"publish","type":"page","link":"https:\/\/diaetologie-frey.at\/?page_id=11","title":{"rendered":"Angebote, Dauer und Preise"},"content":{"rendered":"<div class=\"page\" title=\"Page 2\">\n<div class=\"section\">\n<div class=\"layoutArea\">\n<div class=\"column\">\n<p>Du bist noch unschl\u00fcssig, ob du bei deinen Anliegen zum Thema Ern\u00e4hrung Unterst\u00fctzung von mir in Anspruch nehmen m\u00f6chtest und wie das konkret f\u00fcr dich aussehen k\u00f6nnte? Ich biete dir ein <strong>Kennenlerngespr\u00e4ch<\/strong>, im Zuge dessen wir genau diese Fragen kl\u00e4ren k\u00f6nnen, an.<span class=\"Apple-converted-space\">\u00a0<\/span><\/p>\n<p>Bei konkreten Fragestellungen und Befunden empfehle ich dir direkt ein <strong>ausf\u00fchrliches Erstgespr\u00e4ch<\/strong>. Bei den Folgeterminen widmen wir uns der Wissensvermittlung und Umsetzung im Alltag.<span class=\"Apple-converted-space\">\u00a0<\/span><\/p>\n<p>&nbsp;<\/p>\n<p>Kennenlerngespr\u00e4ch 15 Minuten 30\u20ac<span class=\"Apple-converted-space\">\u00a0<\/span><\/p>\n<p>Erstgespr\u00e4ch 50 Minuten 120\u20ac<span class=\"Apple-converted-space\">\u00a0<\/span><\/p>\n<p>Folgeberatung\/therapie 45 Minuten 105\u20ac<\/p>\n<p>Fachbeitr\u00e4ge\/Artikel, Vortr\u00e4ge, Workshops, Kochkurse, betriebliche Gesundheitsf\u00f6rderung <span style=\"font-weight: 400;\">auf Anfrage<\/span><\/p>\n<p>&nbsp;<\/p>\n<p><b>Anfragen bitte bevorzugt per E-Mail mit deinem Anliegen und deiner zeitlicher Verf\u00fcgbarkeit senden.<span class=\"Apple-converted-space\">\u00a0<\/span><\/b><\/p>\n<p><b>Alle Termine finden Online statt!<span class=\"Apple-converted-space\">\u00a0<\/span><\/b><\/p>\n<p>Dein vereinbarter Termin kann bis zu 24 Stunden vor dem Termin kostenlos entweder telefonisch oder via E-Mail ohne Angabe von Gr\u00fcnden storniert werden. Bei einer sp\u00e4teren Absage wird die vers\u00e4umte Einheit in Rechnung gestellt.<\/p>\n<p>&nbsp;<\/p>\n<p><b>R\u00fcckerstattung des Honorars bei Ern\u00e4hrungsmedizinischen<\/b><\/p>\n<p><b>Beratungen<\/b><\/p>\n<p><b>Gesetzliche Gesundheitskassen (z.B. \u00d6GK, BVA, VAEB, \u2026):<\/b><\/p>\n<p>Die gesetzlichen Krankenkassen in \u00d6sterreich sehen keine R\u00fcckerstattung des<\/p>\n<p>Honorars f\u00fcr Di\u00e4t- und Ern\u00e4hrungsberatungen vor.<\/p>\n<p><b>Private Krankenversicherung:<\/b><\/p>\n<p>Bei Abschluss mancher privater Zusatz -Krankenversicherung k\u00f6nnte die<\/p>\n<p>Versicherung das gesamte oder Teile des Beratungshonorars \u00fcbernehmen. Bitte<\/p>\n<p>treten Sie dazu mit Ihrer Versicherung selbst in Kontakt. Dazu reichen Sie die<\/p>\n<p>Honorarrechnung und eine \u00dcberweisung Ihres Hausarztes beim<\/p>\n<p>Versicherungsunternehmen ein.<\/p>\n<p><b>Selbstst\u00e4ndige Unternehmer (SVS):<\/b><\/p>\n<p>Selbstst\u00e4ndige Unternehmer erhalten pro Kalenderjahr von der<\/p>\n<p>Sozialversicherungsanstalt der Selbstst\u00e4ndigen den sogenannten<\/p>\n<p>&#8222;Gesundheitshunderter&#8220;. F\u00fcr einige gesundheitsf\u00f6rdernde Ma\u00dfnahmen zahlt die SVS<\/p>\n<p>\u20ac 100,00, u. a. f\u00fcr Ern\u00e4hrungsberatungen bei Di\u00e4tolog*innen. Weitere Infos zum<\/p>\n<p>&#8222;Gesundheits -100er&#8220; finden Sie direkt auf der SVS &#8211; Website.<\/p>\n<\/div>\n<\/div>\n<\/div>\n<\/div>\n","protected":false},"excerpt":{"rendered":"<p>Du bist noch unschl\u00fcssig, ob du bei deinen Anliegen zum Thema Ern\u00e4hrung Unterst\u00fctzung von mir in Anspruch nehmen m\u00f6chtest und wie das konkret f\u00fcr dich aussehen k\u00f6nnte? Ich biete dir ein Kennenlerngespr\u00e4ch, im Zuge dessen wir genau diese Fragen kl\u00e4ren k\u00f6nnen, an.\u00a0 Bei konkreten Fragestellungen und Befunden empfehle ich dir direkt ein ausf\u00fchrliches Erstgespr\u00e4ch. Bei [&hellip;]<\/p>\n","protected":false},"author":1,"featured_media":0,"parent":0,"menu_order":0,"comment_status":"closed","ping_status":"closed","template":"","meta":{"footnotes":""},"class_list":["post-11","page","type-page","status-publish","hentry"],"_links":{"self":[{"href":"https:\/\/diaetologie-frey.at\/index.php?rest_route=\/wp\/v2\/pages\/11","targetHints":{"allow":["GET"]}}],"collection":[{"href":"https:\/\/diaetologie-frey.at\/index.php?rest_route=\/wp\/v2\/pages"}],"about":[{"href":"https:\/\/diaetologie-frey.at\/index.php?rest_route=\/wp\/v2\/types\/page"}],"author":[{"embeddable":true,"href":"https:\/\/diaetologie-frey.at\/index.php?rest_route=\/wp\/v2\/users\/1"}],"replies":[{"embeddable":true,"href":"https:\/\/diaetologie-frey.at\/index.php?rest_route=%2Fwp%2Fv2%2Fcomments&post=11"}],"version-history":[{"count":7,"href":"https:\/\/diaetologie-frey.at\/index.php?rest_route=\/wp\/v2\/pages\/11\/revisions"}],"predecessor-version":[{"id":58,"href":"https:\/\/diaetologie-frey.at\/index.php?rest_route=\/wp\/v2\/pages\/11\/revisions\/58"}],"wp:attachment":[{"href":"https:\/\/diaetologie-frey.at\/index.php?rest_route=%2Fwp%2Fv2%2Fmedia&parent=11"}],"curies":[{"name":"wp","href":"https:\/\/api.w.org\/{rel}","templated":true}]}}