{"id":13,"date":"2023-05-24T20:04:26","date_gmt":"2023-05-24T18:04:26","guid":{"rendered":"https:\/\/xn--ditologie-frey-6hb.at\/?page_id=13"},"modified":"2026-03-18T10:43:52","modified_gmt":"2026-03-18T09:43:52","slug":"beratungs-und-therapieschwerpunkte","status":"publish","type":"page","link":"https:\/\/diaetologie-frey.at\/?page_id=13","title":{"rendered":"Beratungs- und Therapieschwerpunkte"},"content":{"rendered":"<div class=\"page\" title=\"Page 2\">\n<div class=\"section\">\n<div class=\"layoutArea\">\n<div class=\"column\">\n<p>(Pr\u00e4-)Diabetes | erh\u00f6hte Blutfettwerte | erh\u00f6hte Harns\u00e4urewerte\/Gicht<\/p>\n<p>Gewichtsmanagement bei ungewollter Gewichtszunahme bzw. -abnahme<\/p>\n<p>Mangelern\u00e4hrung im Alter | Wundheilungsst\u00f6rung<\/p>\n<\/div>\n<\/div>\n<\/div>\n<\/div>\n","protected":false},"excerpt":{"rendered":"<p>(Pr\u00e4-)Diabetes | erh\u00f6hte Blutfettwerte | erh\u00f6hte Harns\u00e4urewerte\/Gicht Gewichtsmanagement bei ungewollter Gewichtszunahme bzw. -abnahme Mangelern\u00e4hrung im Alter | Wundheilungsst\u00f6rung<\/p>\n","protected":false},"author":1,"featured_media":0,"parent":0,"menu_order":0,"comment_status":"closed","ping_status":"closed","template":"","meta":{"footnotes":""},"class_list":["post-13","page","type-page","status-publish","hentry"],"_links":{"self":[{"href":"https:\/\/diaetologie-frey.at\/index.php?rest_route=\/wp\/v2\/pages\/13","targetHints":{"allow":["GET"]}}],"collection":[{"href":"https:\/\/diaetologie-frey.at\/index.php?rest_route=\/wp\/v2\/pages"}],"about":[{"href":"https:\/\/diaetologie-frey.at\/index.php?rest_route=\/wp\/v2\/types\/page"}],"author":[{"embeddable":true,"href":"https:\/\/diaetologie-frey.at\/index.php?rest_route=\/wp\/v2\/users\/1"}],"replies":[{"embeddable":true,"href":"https:\/\/diaetologie-frey.at\/index.php?rest_route=%2Fwp%2Fv2%2Fcomments&post=13"}],"version-history":[{"count":3,"href":"https:\/\/diaetologie-frey.at\/index.php?rest_route=\/wp\/v2\/pages\/13\/revisions"}],"predecessor-version":[{"id":59,"href":"https:\/\/diaetologie-frey.at\/index.php?rest_route=\/wp\/v2\/pages\/13\/revisions\/59"}],"wp:attachment":[{"href":"https:\/\/diaetologie-frey.at\/index.php?rest_route=%2Fwp%2Fv2%2Fmedia&parent=13"}],"curies":[{"name":"wp","href":"https:\/\/api.w.org\/{rel}","templated":true}]}}