{"id":2,"date":"2023-05-02T19:15:56","date_gmt":"2023-05-02T17:15:56","guid":{"rendered":"https:\/\/xn--ditologie-frey-6hb.at\/?page_id=2"},"modified":"2026-03-18T11:24:35","modified_gmt":"2026-03-18T10:24:35","slug":"beispiel-seite","status":"publish","type":"page","link":"https:\/\/diaetologie-frey.at\/","title":{"rendered":"Kontakt"},"content":{"rendered":"<div class=\"ApplePlainTextBody\">\n<p style=\"text-align: left;\"><b>Die Ern\u00e4hrung ist so individuell wie wir selbst. One-Fits-All, strikte Ern\u00e4hrungspl\u00e4ne? Nicht bei mir! Ich m\u00f6chte dir wertvolles Ern\u00e4hrungswissen an die Hand geben, das zu dir passt und das du Schritt f\u00fcr Schritt in deinen Alltag integrieren kannst &#8211; f\u00fcr einen langfristigen Erfolg.<span class=\"Apple-converted-space\">\u00a0<\/span><\/b><\/p>\n<\/div>\n<div class=\"ApplePlainTextBody\"><b><span style=\"color: #bb3950;\"><img loading=\"lazy\" decoding=\"async\" class=\"size-medium wp-image-29 aligncenter\" src=\"https:\/\/diaetologie-frey.at\/wp-content\/uploads\/2023\/07\/IMG_9911-268x300.jpg\" alt=\"\" width=\"268\" height=\"300\" srcset=\"https:\/\/diaetologie-frey.at\/wp-content\/uploads\/2023\/07\/IMG_9911-268x300.jpg 268w, https:\/\/diaetologie-frey.at\/wp-content\/uploads\/2023\/07\/IMG_9911-916x1024.jpg 916w, https:\/\/diaetologie-frey.at\/wp-content\/uploads\/2023\/07\/IMG_9911-768x859.jpg 768w, https:\/\/diaetologie-frey.at\/wp-content\/uploads\/2023\/07\/IMG_9911-1374x1536.jpg 1374w, https:\/\/diaetologie-frey.at\/wp-content\/uploads\/2023\/07\/IMG_9911-1831x2048.jpg 1831w\" sizes=\"auto, (max-width: 268px) 100vw, 268px\" \/><\/span><\/b><\/div>\n<div class=\"ApplePlainTextBody\" style=\"text-align: center;\"><b><span style=\"color: #bb3950;\">Verena Frey MSc, BBSc<\/span><\/b><\/div>\n<p style=\"text-align: center;\">Di\u00e4tologin &amp; Ern\u00e4hrungswissenschafterin<br \/>\nErn\u00e4hrungsmedizinische\u00a0Beratung &amp;<br \/>\nTherapie Online<\/p>\n<p style=\"text-align: center;\">+43 677 61 21 03 52<br \/>\n<a href=\"mailto:verena@diaetologie-frey.at\">verena@diaetologie-frey.at<\/a><\/p>\n<p style=\"text-align: center;\">3130 Herzogenburg<\/p>\n","protected":false},"excerpt":{"rendered":"<p>Die Ern\u00e4hrung ist so individuell wie wir selbst. One-Fits-All, strikte Ern\u00e4hrungspl\u00e4ne? Nicht bei mir! Ich m\u00f6chte dir wertvolles Ern\u00e4hrungswissen an die Hand geben, das zu dir passt und das du Schritt f\u00fcr Schritt in deinen Alltag integrieren kannst &#8211; f\u00fcr einen langfristigen Erfolg.\u00a0 Verena Frey MSc, BBSc Di\u00e4tologin &amp; Ern\u00e4hrungswissenschafterin Ern\u00e4hrungsmedizinische\u00a0Beratung &amp; Therapie Online +43 [&hellip;]<\/p>\n","protected":false},"author":1,"featured_media":0,"parent":0,"menu_order":0,"comment_status":"closed","ping_status":"open","template":"","meta":{"footnotes":""},"class_list":["post-2","page","type-page","status-publish","hentry"],"_links":{"self":[{"href":"https:\/\/diaetologie-frey.at\/index.php?rest_route=\/wp\/v2\/pages\/2","targetHints":{"allow":["GET"]}}],"collection":[{"href":"https:\/\/diaetologie-frey.at\/index.php?rest_route=\/wp\/v2\/pages"}],"about":[{"href":"https:\/\/diaetologie-frey.at\/index.php?rest_route=\/wp\/v2\/types\/page"}],"author":[{"embeddable":true,"href":"https:\/\/diaetologie-frey.at\/index.php?rest_route=\/wp\/v2\/users\/1"}],"replies":[{"embeddable":true,"href":"https:\/\/diaetologie-frey.at\/index.php?rest_route=%2Fwp%2Fv2%2Fcomments&post=2"}],"version-history":[{"count":15,"href":"https:\/\/diaetologie-frey.at\/index.php?rest_route=\/wp\/v2\/pages\/2\/revisions"}],"predecessor-version":[{"id":63,"href":"https:\/\/diaetologie-frey.at\/index.php?rest_route=\/wp\/v2\/pages\/2\/revisions\/63"}],"wp:attachment":[{"href":"https:\/\/diaetologie-frey.at\/index.php?rest_route=%2Fwp%2Fv2%2Fmedia&parent=2"}],"curies":[{"name":"wp","href":"https:\/\/api.w.org\/{rel}","templated":true}]}}